{"id":119,"date":"2019-12-19T11:58:56","date_gmt":"2019-12-19T11:58:56","guid":{"rendered":"https:\/\/www.precisesecurity.com\/de\/?page_id=119"},"modified":"2019-12-19T11:58:56","modified_gmt":"2019-12-19T11:58:56","slug":"bitcoin-profit-erfahrungen-informationen-alle-details","status":"publish","type":"page","link":"https:\/\/www.precisesecurity.com\/de\/bitcoin-profit-erfahrungen\/","title":{"rendered":"Bitcoin Profit Erfahrungen, Informationen, alle Details!"},"content":{"rendered":"<p><span style=\"font-weight: 400;\"><img loading=\"lazy\" decoding=\"async\" class=\"wp-image-120 alignleft\" src=\"https:\/\/www.precisesecurity.com\/de\/wp-content\/uploads\/sites\/2\/2019\/12\/bitcoin-profit-bewertung2.jpg\" alt=\"\" width=\"168\" height=\"79\" \/>Durch Bitcoin Profit besteht die M\u00f6glichkeit, automatische oder manuelle Trades durchzuf\u00fchren, bei welchen man sich auf die Entwicklung von unterschiedlichen Kryptow\u00e4hrungen fokussiert. Sehr vorteilhaft ist, dass man sowohl von fallenden als auch von steigenden Kursen profitieren kann, wenn diese korrekt vorhergesagt werden. \u00dcberdies ist es durch den automatisierten Handel tats\u00e4chlich m\u00f6glich, ohne eine eigene Analyse zu traden. Man braucht nur die Parameter zu definieren, mit welchen Bitcoin Profit am Markt agieren soll. Wer die Funktion der Software in Ruhe kennenlernen will, muss nicht gleich mit dem eigenen Guthaben aktiv werden. Stattdessen besteht die M\u00f6glichkeit, auch ein Demo-Konto zu verwenden, bei welchem man ein virtuelles Guthaben erh\u00e4lt, und die Funktionen in dieser Version uneingeschr\u00e4nkt nutzbar sind.<\/span><\/p>\n<p style=\"text-align: center;\"><a href=\"https:\/\/precisesecurity.com\/de\/visit\/bitcoin-profit\" class=\"su-button su-button-style-default\" style=\"color:#FFFFFF;background-color:#53ef2d;border-color:#43c024;border-radius:10px\" target=\"_self\"><span style=\"color:#FFFFFF;padding:12px 40px;font-size:29px;line-height:44px;border-color:#87f46c;border-radius:10px;text-shadow:none\"><i class=\"sui sui-check\" style=\"font-size:29px;color:#FFFFFF\"><\/i>  Gehe zu Bitcoin Profit<\/span><\/a>\n<h2><span style=\"font-weight: 400;\">Ist Bitcoin Profit Betrug oder seri\u00f6s?<\/span><\/h2>\n<p>&nbsp;<\/p>\n<p><span style=\"font-weight: 400;\">Nach den Bitcoin Profit Erfahrungen von verschiedenen Tradern sind mindestens 1.300 US-Dollar Gewinn pro Tag machbar. Allerdings muss man ein gro\u00dfes Risiko eingehen, da der Handel mit einem ziemlich hohen Guthaben notwendig ist. \u00dcberdies sagen Zahlen nicht viel \u00fcber die Anlageform aus. Trotzdem sollte man diese Software nicht gleich als Betrug abtun. Ganz im Gegenteil, Bitcoin Profit bietet tats\u00e4chlich mehrere Funktionen, welche in den allt\u00e4glichen M\u00e4rkten besonders n\u00fctzlich sind. Durch eine kostenlose Bitcoin Profit Anmeldung ist es m\u00f6glich, sich einen Eindruck davon zu verschaffen, da man als seri\u00f6ser Investor der Software eine Chance geben sollte. Das ist sehr wichtig, wenn das Portfolio etwas diversifiziert und sowohl in Rohstoffe oder Aktien als auch in die Kursentwicklung der Kryptow\u00e4hrungen entsprechend investiert werden soll. Welche Gewinne der Nutzer tats\u00e4chlich realisieren kann, ist von unterschiedlichen Aspekten abh\u00e4ngig. Beispielsweise spielt das eigene Guthaben, die Risikoneigung oder die maximale und minimale Anzahl der Trades, welche man pro Tag abschlie\u00dfen will, eine entscheidende Rolle. Generell ist es auf jeden Fall machbar, Bitcoin Profit zur Sicherung der Rendite zu nutzen. Zudem kann man, trotz der Bezeichnung der Software, sowohl auf Bitcoin als auch auf Ethereum oder Litecoin setzen.<\/span><\/p>\n<h2><span style=\"font-weight: 400;\">Um was geht es bei der Bitcoin Profit App?<\/span><\/h2>\n<p><img loading=\"lazy\" decoding=\"async\" class=\"wp-image-121  aligncenter\" src=\"https:\/\/www.precisesecurity.com\/de\/wp-content\/uploads\/sites\/2\/2019\/12\/bitcoin-profit-bewertung1.jpg\" alt=\"\" width=\"689\" height=\"482\" srcset=\"https:\/\/www.precisesecurity.com\/de\/wp-content\/uploads\/sites\/2\/2019\/12\/bitcoin-profit-bewertung1.jpg 1221w, https:\/\/www.precisesecurity.com\/de\/wp-content\/uploads\/sites\/2\/2019\/12\/bitcoin-profit-bewertung1-300x210.jpg 300w, https:\/\/www.precisesecurity.com\/de\/wp-content\/uploads\/sites\/2\/2019\/12\/bitcoin-profit-bewertung1-1024x716.jpg 1024w, https:\/\/www.precisesecurity.com\/de\/wp-content\/uploads\/sites\/2\/2019\/12\/bitcoin-profit-bewertung1-768x537.jpg 768w, https:\/\/www.precisesecurity.com\/de\/wp-content\/uploads\/sites\/2\/2019\/12\/bitcoin-profit-bewertung1-1170x818.jpg 1170w\" sizes=\"(max-width: 689px) 100vw, 689px\" \/><\/p>\n<p><span style=\"font-weight: 400;\">Bitcoin Profit stellt eine echte Revolution dar. Durch diese Software wird das Handeln mit unterschiedlichen Kryptow\u00e4hrungen erleichtert, und man kann hohe Gewinne erzielen. Erst im Jahr 2009 wurde als weltweit erste Kryptow\u00e4hrung Bitcoin eingef\u00fchrt. In den Folgejahren kamen weitere digitale W\u00e4hrungen, wie etwa Ethereum oder Litecoin dazu. Jede Variante wurde durch die Blockchain-Technologie erstellt, welche beispielsweise im Internet die Zahlungsvorg\u00e4nge sehr ver\u00e4ndern wird. Mithilfe der Technologie ist es m\u00f6glich, W\u00e4hrungen zu erstellen, deren Wert keinesfalls von einer Zentralbank abh\u00e4ngt. Ein derartiges Konzept hat seine Vorteile und Nachteile, ist jedoch insbesondere f\u00fcr die \u00d6ffentlichkeit sehr interessant. Daher ist es nicht verwunderlich, dass die Anzahl der Anleger zunimmt, die mit der Entwicklung der Kryptow\u00e4hrungen eine bestimmte Rendite erzielen will. Durch Bitcoin Profit wird das allerdings ebenso bei fallenden Kursen erm\u00f6glicht. Daf\u00fcr ist ein Kauf von Bitcoin oder einer anderen Kryptow\u00e4hrung nicht notwendig. L\u00e4ngst ist Bitcoin Profit zu einem der begehrtesten Roboter f\u00fcr den Handel mit den Kryptow\u00e4hrungen geworden. Dabei ist es egal, ob man ein Anf\u00e4nger auf den Finanzm\u00e4rkten unterwegs ist oder schon seit zahlreichen Jahren dort Erfahrungen gesammelt hat. Aufgrund der Benutzerfreundlichkeit der Software k\u00f6nnen alle Nutzer ohne Probleme von niedrigeren oder h\u00f6heren Kryptow\u00e4hrungskursen profitieren.<\/span><\/p>\n<p>&nbsp;<\/p>\n<p style=\"text-align: center;\"><a href=\"https:\/\/precisesecurity.com\/de\/visit\/bitcoin-profit\" class=\"su-button su-button-style-default\" style=\"color:#FFFFFF;background-color:#53ef2d;border-color:#43c024;border-radius:10px\" target=\"_self\"><span style=\"color:#FFFFFF;padding:12px 40px;font-size:29px;line-height:44px;border-color:#87f46c;border-radius:10px;text-shadow:none\"><i class=\"sui sui-check\" style=\"font-size:29px;color:#FFFFFF\"><\/i>  Gehe zu Bitcoin Profit<\/span><\/a>\n<h2><span style=\"font-weight: 400;\">Wie genau funktioniert Bitcoin Profit?<\/span><\/h2>\n<p><span style=\"font-weight: 400;\">Prinzipiell ist es ziemlich einfach zu verstehen, wie Bitcoin Profit funktioniert. Insbesondere muss man wissen, dass die T\u00e4tigkeit der Software nicht von den Informationen abh\u00e4ngt, die der Nutzer bereitstellt. Vielmehr bietet es eine Analyse von Diagrammen, welche zu 100 Prozent automatisiert ist und deswegen nicht auf Entscheidungen basiert, welche man eventuell durch Intuition oder Gef\u00fchlen getroffen hat. Wer Bitcoin Profit nutzen will, sollte sich lediglich auf der Webseite anmelden und auf das Handelskonto Geld \u00fcberweisen. Dann sind die Einstellungen f\u00fcr den Handel vorzunehmen und der Autotrading-Modus zu starten. Daraufhin beginnt Bitcoin Profit Trades nach den eigenen Anforderungen durchzuf\u00fchren und verspricht eine Rendite, die auf der entsprechenden Kursanalyse basiert. Es gibt allerdings keine absolute Sicherheit, da sich ebenso die M\u00e4rkte in eine unvorhersehbare Richtung bewegen k\u00f6nnen. Den Bitcoin Profit Erfahrungen nach sorgt diese Software f\u00fcr viele profitable Trades.<\/span><\/p>\n<p>&nbsp;<\/p>\n<h2><span style=\"font-weight: 400;\">Warum sollte man mit Bitcoin Profit handeln?<\/span><\/h2>\n<p><img loading=\"lazy\" decoding=\"async\" class=\"wp-image-122  aligncenter\" src=\"https:\/\/www.precisesecurity.com\/de\/wp-content\/uploads\/sites\/2\/2019\/12\/bitcoin-profit-bewertung3.png\" alt=\"\" width=\"697\" height=\"389\" srcset=\"https:\/\/www.precisesecurity.com\/de\/wp-content\/uploads\/sites\/2\/2019\/12\/bitcoin-profit-bewertung3.png 1024w, https:\/\/www.precisesecurity.com\/de\/wp-content\/uploads\/sites\/2\/2019\/12\/bitcoin-profit-bewertung3-300x168.png 300w, https:\/\/www.precisesecurity.com\/de\/wp-content\/uploads\/sites\/2\/2019\/12\/bitcoin-profit-bewertung3-768x429.png 768w\" sizes=\"(max-width: 697px) 100vw, 697px\" \/><\/p>\n<p><span style=\"font-weight: 400;\">Viele unterschiedliche Gr\u00fcnde sprechen f\u00fcr die Nutzung von Bitcoin Profit, wenn man von der Entwicklung der Kryptow\u00e4hrungskurse profitieren will. Ein wichtiger Fakt ist allerdings, dass viele verf\u00fcgbare Roboter im Internet Bereiche haben, welche f\u00fcr den Nutzer nicht besonders positiv sind. Hierzu z\u00e4hlen beispielsweise ziemlich komplexe Abl\u00e4ufe oder auch Geb\u00fchren, welche auf den ersten Blick nicht ersichtlich sind. Bei Bitcoin Profit muss man sich allerdings nicht um solche Nachteile k\u00fcmmern. Die Bedienbarkeit der Software wurde bewusst einfach gehalten. Au\u00dferdem enthalten die Handelsstrukturen keine versteckten Geb\u00fchren oder anderweitige Kosten, welche die Margen beeinflussen. \u00dcberdies kann man zahlreiche unterschiedliche Zahlungsmethoden ausw\u00e4hlen. Des Weiteren ist es m\u00f6glich, sich zur\u00fcckzulehnen und zu entspannen, wenn die Software f\u00fcr das automatische Trading eingerichtet wird. Alles, was man tun muss, ist auf den Gewinn zu warten, w\u00e4hrend sich Bitcoin Profit jederzeit an die eigenen Vorgaben h\u00e4lt.<\/span><\/p>\n<p>&nbsp;<\/p>\n<h2><span style=\"font-weight: 400;\">Wie erfolgt die Registrierung bei Bitcoin Profit?<\/span><\/h2>\n<p><span style=\"font-weight: 400;\">Um sich bei Bitcoin Profit zu registrieren, empfiehlt es sich, einfach auf die Webseite zu gehen. Dort werden im oberen Bereich der Namen und die E-Mail-Adresse eingegeben. Danach ist das Passwort zu erstellen und zu best\u00e4tigen, dass man mit den Allgemeinen Gesch\u00e4ftsbedingungen einverstanden ist. Als N\u00e4chstes erh\u00e4lt man eine E-Mail, in der durch das Klicken auf den Link die Adresse best\u00e4tigt wird. Erscheint die E-Mail nicht gleich im Postfach, ist es am besten, erst mal einige Minuten zu warten und in dem Spam-Ordner einen Blick zu werfen. Sobald der Registrierungsprozess abgeschlossen und die E-Mail-Adresse verifiziert wurde, hat man bei Bitcoin Profit ein Konto. Nun ist es m\u00f6glich, sich mit den eingegeben Zugangsdaten auf der Webseite anzumelden, um zum Mitgliederbereich Zugang zu erhalten.<\/span><\/p>\n<p>&nbsp;<\/p>\n<h2><span style=\"font-weight: 400;\">Was passiert nach der Bitcoin Profit Anmeldung?<\/span><\/h2>\n<p><span style=\"font-weight: 400;\">Es wird zun\u00e4chst empfohlen, den Roboter mit dem Demokonto zu testen. Sicherlich ist es m\u00f6glich, den Schritt zu \u00fcberspringen. Jedoch wird zu dieser Option geraten, ehe man das eigene Geld einsetzt. Wer Zugriff auf Bitcoin Profit hat, kann sich f\u00fcr ein Demokonto registrieren. Dazu wird nach der Anmeldung einfach auf die entsprechende Option auf der Internetseite geklickt. Mit einem virtuellen Guthaben von 1.500 US-Dollar kann man dann traden. Beim Trading gibt es im Vergleich zu einem realen Saldo keine Einschr\u00e4nkungen. Um alle Funktionen der Software nutzen zu k\u00f6nnen, bietet Bitcoin Profit den Anwender in dieser Version zus\u00e4tzlichen einen automatisierten Handel, den man ganz entspannt verfolgen kann. Sicherlich ist es mit dem Demokonto nicht m\u00f6glich, die psychologischen Effekte zu simulieren, welche beim Traden mit dem eigenen Geld eine ganz wichtige Rolle spielen. Die Investoren werden immer von ihren Gef\u00fchlen beeinflusst. Sie traden nicht nur auf Grundlage der Ergebnisse von Analysten. Daher ist auch ein Roboter wie Bitcoin Profit sehr n\u00fctzlich. Werden alle Trades durch die Software automatisch ausgef\u00fchrt, muss man sich \u00fcber die weitere Entwicklung von bestimmten Kursen keine Gedanken machen und sich auch im realen Handel lediglich auf Fakten verlassen. Sobald mit dem Demokonto klar ist, dass Bitcoin Profit die richtige Wahl darstellt, kann das Traden beginnen. Dazu muss man erst mal eine Einzahlung auf dem erstellten Handelskonto mit einer Mindesteinzahlung von 250 US-Dollar durchf\u00fchren. Das Einzahlen ist mit unterschiedlichen Zahlungsanbietern m\u00f6glich. Viele H\u00e4ndler zahlen entweder per Kreditkarte oder \u00fcber einen elektronischen Zahlungsanbieter, weil das Guthaben dann gleich auf das Konto \u00fcberwiesen wird. So ist es m\u00f6glich, binnen weniger Sekunden die ersten echten Trades zu starten. Nachdem man die Software davor mit dem Demo-Account in Ruhe getestet hat, besteht nun die M\u00f6glichkeit, beim realen Account alle notwendigen Einstellungen schnell vorzunehmen und eventuell \u00e4ndern zu k\u00f6nnen.<\/span><\/p>\n<p>&nbsp;<\/p>\n<h2><span style=\"font-weight: 400;\">Fazit &#8211; Ist Bitcoin Profit Betrug oder die ideale L\u00f6sung?<\/span><\/h2>\n<p><span style=\"font-weight: 400;\">Bitcoin Profit ist kein Betrug. Ob es jedoch tats\u00e4chlich die perfekte L\u00f6sung ist, liegt bei jedem selbst. Weil Kryptow\u00e4hrungen noch keine lange Geschichte haben, gibt es nicht viele M\u00f6glichkeiten, auf steigende oder fallende Kurse zu setzen. Hier kommt Bitcoin Profit ins Spiel. Diese Software bietet allen genau diese Option. Man kann sogar mit ziemlich kleinen Betr\u00e4gen traden. Auch der automatische Handel ist ein sehr positiver Aspekt. Es werden einfach die gew\u00fcnschten Parameter definiert. Bitcoin Profit k\u00fcmmert sich dann um den Rest. Wie hoch die Gewinne dann tats\u00e4chlich sind, ist von einigen Faktoren abh\u00e4ngig. Allerdings eignet sich Bitcoin Profit hervorragend, damit man sich ein zus\u00e4tzliches Einkommen sichert und das eigene Portfolio diversifiziert.<\/span><\/p>\n<p style=\"text-align: center;\"><a href=\"https:\/\/precisesecurity.com\/de\/visit\/bitcoin-profit\" class=\"su-button su-button-style-default\" style=\"color:#FFFFFF;background-color:#53ef2d;border-color:#43c024;border-radius:10px\" target=\"_self\"><span style=\"color:#FFFFFF;padding:12px 40px;font-size:29px;line-height:44px;border-color:#87f46c;border-radius:10px;text-shadow:none\"><i class=\"sui sui-check\" style=\"font-size:29px;color:#FFFFFF\"><\/i>  Gehe zu Bitcoin Profit<\/span><\/a>\n","protected":false},"excerpt":{"rendered":"<p>Durch Bitcoin Profit besteht die M\u00f6glichkeit, automatische oder manuelle Trades durchzuf\u00fchren, bei welchen man sich auf die Entwicklung von unterschiedlichen Kryptow\u00e4hrungen fokussiert. Sehr vorteilhaft ist, dass man sowohl von fallenden als auch von steigenden Kursen profitieren kann, wenn diese korrekt&#8230;<br \/><a class=\"read-more-button\" href=\"https:\/\/www.precisesecurity.com\/de\/bitcoin-profit-erfahrungen\/\">Read more<\/a><\/p>\n","protected":false},"author":1,"featured_media":121,"parent":0,"menu_order":0,"comment_status":"closed","ping_status":"closed","template":"","meta":{"_acf_changed":false,"inline_featured_image":false,"footnotes":""},"class_list":["post-119","page","type-page","status-publish","has-post-thumbnail","hentry"],"acf":[],"yoast_head":"<!-- This site is optimized with the Yoast SEO plugin v23.3 - https:\/\/yoast.com\/wordpress\/plugins\/seo\/ -->\n<title>Bitcoin Profit - Betrug oder Legit Software? Hier herausfinden<\/title>\n<meta name=\"description\" content=\"Ist Bitcoin Profit Betrug oder legitim? Hat Bitcoin Profit Gewinnrate von 99%? K\u00f6nnen Sie mit Bitcoin Profit 2.000 USD pro Tag verdienen?\" \/>\n<meta name=\"robots\" content=\"index, follow, max-snippet:-1, max-image-preview:large, max-video-preview:-1\" \/>\n<link rel=\"canonical\" href=\"https:\/\/www.precisesecurity.com\/de\/bitcoin-profit-erfahrungen\/\" \/>\n<meta property=\"og:locale\" content=\"de_DE\" \/>\n<meta property=\"og:type\" content=\"article\" \/>\n<meta property=\"og:title\" content=\"Bitcoin Profit - Betrug oder Legit Software? Hier herausfinden\" \/>\n<meta property=\"og:description\" content=\"Ist Bitcoin Profit Betrug oder legitim? Hat Bitcoin Profit Gewinnrate von 99%? K\u00f6nnen Sie mit Bitcoin Profit 2.000 USD pro Tag verdienen?\" \/>\n<meta property=\"og:url\" content=\"https:\/\/www.precisesecurity.com\/de\/bitcoin-profit-erfahrungen\/\" \/>\n<meta property=\"og:site_name\" content=\"DE\" \/>\n<meta property=\"og:image\" content=\"https:\/\/www.precisesecurity.com\/de\/wp-content\/uploads\/sites\/2\/2019\/12\/bitcoin-profit-bewertung1.jpg\" \/>\n\t<meta property=\"og:image:width\" content=\"1221\" \/>\n\t<meta property=\"og:image:height\" content=\"854\" \/>\n\t<meta property=\"og:image:type\" content=\"image\/jpeg\" \/>\n<meta name=\"twitter:card\" content=\"summary_large_image\" \/>\n<meta name=\"twitter:label1\" content=\"Gesch\u00e4tzte Lesezeit\" \/>\n\t<meta name=\"twitter:data1\" content=\"8 Minuten\" \/>\n<script type=\"application\/ld+json\" class=\"yoast-schema-graph\">{\"@context\":\"https:\/\/schema.org\",\"@graph\":[{\"@type\":\"WebPage\",\"@id\":\"https:\/\/www.precisesecurity.com\/de\/bitcoin-profit-erfahrungen\/\",\"url\":\"https:\/\/www.precisesecurity.com\/de\/bitcoin-profit-erfahrungen\/\",\"name\":\"Bitcoin Profit - Betrug oder Legit Software? Hier herausfinden\",\"isPartOf\":{\"@id\":\"https:\/\/www.precisesecurity.com\/de\/#website\"},\"primaryImageOfPage\":{\"@id\":\"https:\/\/www.precisesecurity.com\/de\/bitcoin-profit-erfahrungen\/#primaryimage\"},\"image\":{\"@id\":\"https:\/\/www.precisesecurity.com\/de\/bitcoin-profit-erfahrungen\/#primaryimage\"},\"thumbnailUrl\":\"https:\/\/www.precisesecurity.com\/de\/wp-content\/uploads\/sites\/2\/2019\/12\/bitcoin-profit-bewertung1.jpg\",\"datePublished\":\"2019-12-19T11:58:56+00:00\",\"dateModified\":\"2019-12-19T11:58:56+00:00\",\"description\":\"Ist Bitcoin Profit Betrug oder legitim? Hat Bitcoin Profit Gewinnrate von 99%? K\u00f6nnen Sie mit Bitcoin Profit 2.000 USD pro Tag verdienen?\",\"breadcrumb\":{\"@id\":\"https:\/\/www.precisesecurity.com\/de\/bitcoin-profit-erfahrungen\/#breadcrumb\"},\"inLanguage\":\"de-DE\",\"potentialAction\":[{\"@type\":\"ReadAction\",\"target\":[\"https:\/\/www.precisesecurity.com\/de\/bitcoin-profit-erfahrungen\/\"]}]},{\"@type\":\"ImageObject\",\"inLanguage\":\"de-DE\",\"@id\":\"https:\/\/www.precisesecurity.com\/de\/bitcoin-profit-erfahrungen\/#primaryimage\",\"url\":\"https:\/\/www.precisesecurity.com\/de\/wp-content\/uploads\/sites\/2\/2019\/12\/bitcoin-profit-bewertung1.jpg\",\"contentUrl\":\"https:\/\/www.precisesecurity.com\/de\/wp-content\/uploads\/sites\/2\/2019\/12\/bitcoin-profit-bewertung1.jpg\",\"width\":1221,\"height\":854},{\"@type\":\"BreadcrumbList\",\"@id\":\"https:\/\/www.precisesecurity.com\/de\/bitcoin-profit-erfahrungen\/#breadcrumb\",\"itemListElement\":[{\"@type\":\"ListItem\",\"position\":1,\"name\":\"Home\",\"item\":\"https:\/\/www.precisesecurity.com\/de\/\"},{\"@type\":\"ListItem\",\"position\":2,\"name\":\"Bitcoin Profit Erfahrungen, Informationen, alle Details!\"}]},{\"@type\":\"WebSite\",\"@id\":\"https:\/\/www.precisesecurity.com\/de\/#website\",\"url\":\"https:\/\/www.precisesecurity.com\/de\/\",\"name\":\"DE\",\"description\":\"Just another PreciseSecurity.com Sites site\",\"potentialAction\":[{\"@type\":\"SearchAction\",\"target\":{\"@type\":\"EntryPoint\",\"urlTemplate\":\"https:\/\/www.precisesecurity.com\/de\/?s={search_term_string}\"},\"query-input\":\"required name=search_term_string\"}],\"inLanguage\":\"de-DE\"}]}<\/script>\n<!-- \/ Yoast SEO plugin. -->","yoast_head_json":{"title":"Bitcoin Profit - Betrug oder Legit Software? Hier herausfinden","description":"Ist Bitcoin Profit Betrug oder legitim? Hat Bitcoin Profit Gewinnrate von 99%? K\u00f6nnen Sie mit Bitcoin Profit 2.000 USD pro Tag verdienen?","robots":{"index":"index","follow":"follow","max-snippet":"max-snippet:-1","max-image-preview":"max-image-preview:large","max-video-preview":"max-video-preview:-1"},"canonical":"https:\/\/www.precisesecurity.com\/de\/bitcoin-profit-erfahrungen\/","og_locale":"de_DE","og_type":"article","og_title":"Bitcoin Profit - Betrug oder Legit Software? Hier herausfinden","og_description":"Ist Bitcoin Profit Betrug oder legitim? Hat Bitcoin Profit Gewinnrate von 99%? K\u00f6nnen Sie mit Bitcoin Profit 2.000 USD pro Tag verdienen?","og_url":"https:\/\/www.precisesecurity.com\/de\/bitcoin-profit-erfahrungen\/","og_site_name":"DE","og_image":[{"width":1221,"height":854,"url":"https:\/\/www.precisesecurity.com\/de\/wp-content\/uploads\/sites\/2\/2019\/12\/bitcoin-profit-bewertung1.jpg","type":"image\/jpeg"}],"twitter_card":"summary_large_image","twitter_misc":{"Gesch\u00e4tzte Lesezeit":"8 Minuten"},"schema":{"@context":"https:\/\/schema.org","@graph":[{"@type":"WebPage","@id":"https:\/\/www.precisesecurity.com\/de\/bitcoin-profit-erfahrungen\/","url":"https:\/\/www.precisesecurity.com\/de\/bitcoin-profit-erfahrungen\/","name":"Bitcoin Profit - Betrug oder Legit Software? Hier herausfinden","isPartOf":{"@id":"https:\/\/www.precisesecurity.com\/de\/#website"},"primaryImageOfPage":{"@id":"https:\/\/www.precisesecurity.com\/de\/bitcoin-profit-erfahrungen\/#primaryimage"},"image":{"@id":"https:\/\/www.precisesecurity.com\/de\/bitcoin-profit-erfahrungen\/#primaryimage"},"thumbnailUrl":"https:\/\/www.precisesecurity.com\/de\/wp-content\/uploads\/sites\/2\/2019\/12\/bitcoin-profit-bewertung1.jpg","datePublished":"2019-12-19T11:58:56+00:00","dateModified":"2019-12-19T11:58:56+00:00","description":"Ist Bitcoin Profit Betrug oder legitim? Hat Bitcoin Profit Gewinnrate von 99%? K\u00f6nnen Sie mit Bitcoin Profit 2.000 USD pro Tag verdienen?","breadcrumb":{"@id":"https:\/\/www.precisesecurity.com\/de\/bitcoin-profit-erfahrungen\/#breadcrumb"},"inLanguage":"de-DE","potentialAction":[{"@type":"ReadAction","target":["https:\/\/www.precisesecurity.com\/de\/bitcoin-profit-erfahrungen\/"]}]},{"@type":"ImageObject","inLanguage":"de-DE","@id":"https:\/\/www.precisesecurity.com\/de\/bitcoin-profit-erfahrungen\/#primaryimage","url":"https:\/\/www.precisesecurity.com\/de\/wp-content\/uploads\/sites\/2\/2019\/12\/bitcoin-profit-bewertung1.jpg","contentUrl":"https:\/\/www.precisesecurity.com\/de\/wp-content\/uploads\/sites\/2\/2019\/12\/bitcoin-profit-bewertung1.jpg","width":1221,"height":854},{"@type":"BreadcrumbList","@id":"https:\/\/www.precisesecurity.com\/de\/bitcoin-profit-erfahrungen\/#breadcrumb","itemListElement":[{"@type":"ListItem","position":1,"name":"Home","item":"https:\/\/www.precisesecurity.com\/de\/"},{"@type":"ListItem","position":2,"name":"Bitcoin Profit Erfahrungen, Informationen, alle Details!"}]},{"@type":"WebSite","@id":"https:\/\/www.precisesecurity.com\/de\/#website","url":"https:\/\/www.precisesecurity.com\/de\/","name":"DE","description":"Just another PreciseSecurity.com Sites site","potentialAction":[{"@type":"SearchAction","target":{"@type":"EntryPoint","urlTemplate":"https:\/\/www.precisesecurity.com\/de\/?s={search_term_string}"},"query-input":"required name=search_term_string"}],"inLanguage":"de-DE"}]}},"_links":{"self":[{"href":"https:\/\/www.precisesecurity.com\/de\/wp-json\/wp\/v2\/pages\/119"}],"collection":[{"href":"https:\/\/www.precisesecurity.com\/de\/wp-json\/wp\/v2\/pages"}],"about":[{"href":"https:\/\/www.precisesecurity.com\/de\/wp-json\/wp\/v2\/types\/page"}],"author":[{"embeddable":true,"href":"https:\/\/www.precisesecurity.com\/de\/wp-json\/wp\/v2\/users\/1"}],"replies":[{"embeddable":true,"href":"https:\/\/www.precisesecurity.com\/de\/wp-json\/wp\/v2\/comments?post=119"}],"version-history":[{"count":2,"href":"https:\/\/www.precisesecurity.com\/de\/wp-json\/wp\/v2\/pages\/119\/revisions"}],"predecessor-version":[{"id":124,"href":"https:\/\/www.precisesecurity.com\/de\/wp-json\/wp\/v2\/pages\/119\/revisions\/124"}],"wp:featuredmedia":[{"embeddable":true,"href":"https:\/\/www.precisesecurity.com\/de\/wp-json\/wp\/v2\/media\/121"}],"wp:attachment":[{"href":"https:\/\/www.precisesecurity.com\/de\/wp-json\/wp\/v2\/media?parent=119"}],"curies":[{"name":"wp","href":"https:\/\/api.w.org\/{rel}","templated":true}]}}