{"id":151,"date":"2019-12-19T15:32:19","date_gmt":"2019-12-19T15:32:19","guid":{"rendered":"https:\/\/www.precisesecurity.com\/de\/?page_id=151"},"modified":"2019-12-19T15:32:31","modified_gmt":"2019-12-19T15:32:31","slug":"bitcoin-trader-erfahrungen-informationen-alle-details","status":"publish","type":"page","link":"https:\/\/www.precisesecurity.com\/de\/bitcoin-trader-erfahrungen\/","title":{"rendered":"Bitcoin Trader Erfahrungen, Informationen, alle Details!"},"content":{"rendered":"<p><span style=\"font-weight: 400;\"><img loading=\"lazy\" decoding=\"async\" class=\" wp-image-153 alignleft\" src=\"https:\/\/www.precisesecurity.com\/de\/wp-content\/uploads\/sites\/2\/2019\/12\/bitcoin-trader-bewertung-1-300x79.png\" alt=\"\" width=\"196\" height=\"51\" srcset=\"https:\/\/www.precisesecurity.com\/de\/wp-content\/uploads\/sites\/2\/2019\/12\/bitcoin-trader-bewertung-1-300x79.png 300w, https:\/\/www.precisesecurity.com\/de\/wp-content\/uploads\/sites\/2\/2019\/12\/bitcoin-trader-bewertung-1.png 552w\" sizes=\"(max-width: 196px) 100vw, 196px\" \/>Es besteht kein Zweifel, dass Bitcoin Trader bei Kryptow\u00e4hrungsh\u00e4ndlern immer beliebter wird. Dies liegt daran, dass das Unternehmen behauptet, mit seiner Software durchschnittlich 1.500 USD pro Tag verdienen zu k\u00f6nnen. Einige Leute sind jedoch skeptisch und Themen wie Bitcoin Trader-Betrug oder Bitcoin Trader-Betrug sind in den Handelsgemeinschaften aufgetaucht. Fragen Sie sich, ob der Bitcoin Trader-Roboter echt ist? Wenn Sie nach einer ehrlichen und unvoreingenommenen Bitcoin Trader-Bewertung suchen, sind Sie hier richtig. Das Hauptziel dieses Beitrags ist es, Ihnen einen ehrlichen Bitcoin Trader-Bericht zukommen zu lassen. Nachdem Sie die folgenden Fakten gelesen haben, k\u00f6nnen Sie entscheiden, ob der Bitcoin Trader-Bot Ihnen helfen kann oder nicht. Sie werden auf jeden Fall feststellen, warum das Thema Bitcoin Trader legit f\u00fcr Schlagzeilen sorgt.<\/span><\/p>\n<p style=\"text-align: center;\"><a href=\"https:\/\/precisesecurity.com\/de\/visit\/bitcoin-trader\" class=\"su-button su-button-style-default\" style=\"color:#FFFFFF;background-color:#53ef2d;border-color:#43c024;border-radius:10px\" target=\"_self\"><span style=\"color:#FFFFFF;padding:12px 40px;font-size:29px;line-height:44px;border-color:#87f46c;border-radius:10px;text-shadow:none\"><i class=\"sui sui-check\" style=\"font-size:29px;color:#FFFFFF\"><\/i>  Gehe zu Bitcoin Trader <\/span><\/a>\n<h2><span style=\"font-weight: 400;\">Was ist Bitcoin Trader?<\/span><\/h2>\n<p><img loading=\"lazy\" decoding=\"async\" class=\"wp-image-154 aligncenter\" src=\"https:\/\/www.precisesecurity.com\/de\/wp-content\/uploads\/sites\/2\/2019\/12\/bitcoin-trader-bewertung1.jpg\" alt=\"\" width=\"578\" height=\"446\" srcset=\"https:\/\/www.precisesecurity.com\/de\/wp-content\/uploads\/sites\/2\/2019\/12\/bitcoin-trader-bewertung1.jpg 926w, https:\/\/www.precisesecurity.com\/de\/wp-content\/uploads\/sites\/2\/2019\/12\/bitcoin-trader-bewertung1-300x232.jpg 300w, https:\/\/www.precisesecurity.com\/de\/wp-content\/uploads\/sites\/2\/2019\/12\/bitcoin-trader-bewertung1-768x594.jpg 768w\" sizes=\"(max-width: 578px) 100vw, 578px\" \/><\/p>\n<p><span style=\"font-weight: 400;\">Bitcoin Trader ist ein Bitcoin-Handelstool, mit dem Trader den Markt auf einfache Weise analysieren k\u00f6nnen. Was f\u00fcr die Analyse Stunden gedauert h\u00e4tte, erfordert nur noch wenige Minuten Ihrer Zeit. Dank dieses leistungsstarken Tools namens Bitcoin Trader. Dies ist der Grund, warum die Ger\u00fcchte \u00fcber Bitcoin Trader-Betrug oder Bitcoin Trader-Betrug gef\u00e4lscht sind.<\/span><\/p>\n<h2><span style=\"font-weight: 400;\">Ist Bitcoin Trader legitim oder Betrug?<\/span><\/h2>\n<p>&nbsp;<\/p>\n<p><span style=\"font-weight: 400;\">Sind Sie derzeit besorgt, nachdem Sie so viele Ger\u00fcchte \u00fcber Bitcoin Trader-Betrug oder Bitcoin Trader-Betrug geh\u00f6rt haben? Nicht sein. Die Wahrheit ist, dass Bitcoin Trader in Bezug auf die Glaubw\u00fcrdigkeit besser ist als alles, was Sie bisher gesehen haben. In diesem Test erkl\u00e4ren wir, warum diese Behauptungen falsch sind, und gehen auf die Funktionen ein, die Bitcoin Trader legitim machen.<\/span><\/p>\n<p><span style=\"font-weight: 400;\">Bitcoin Trader hat in letzter Zeit viel Unterst\u00fctzung von der Kryptow\u00e4hrungs-Community erhalten, was ein Beweis f\u00fcr seine hohe Glaubw\u00fcrdigkeit ist. Ein weiterer Grund warum<\/span><\/p>\n<p><span style=\"font-weight: 400;\">Bitcoin Trader ist berechtigt, dass seine Plattform sehr transparent war. Dies ist vielleicht der Grund, warum Bitcoin Trader derzeit viele Benutzer auf der ganzen Welt hat. Die Entwickler haben sichergestellt, dass bei der Verwendung dieses Bots kein Betrug oder Betrug auftritt, indem sie eine sichere und einfach zu verwendende Plattform bereitgestellt und Investoren nur mit regulierten Brokern verbunden haben.<\/span><\/p>\n<p><span style=\"font-weight: 400;\">Der letzte Beweis, dass Bitcoin Trader kein Betrug ist, ist unser eigener Test. Wir haben uns entschlossen, einen Schritt weiter zu gehen und die Plattform selbst zu testen. Mit dieser Software haben wir in 3 Tagen 2.500 USD pro Tag verdient. Bitcoin Trader wird derzeit auch von Tausenden von Investoren verwendet. Dies ist nur ein Beweis daf\u00fcr, dass Bitcoin Trader legitim und kein Betrug ist.\u00a0<\/span><\/p>\n<h2><span style=\"font-weight: 400;\">Welche Technologie unterst\u00fctzt Bitcoin Trader?<\/span><\/h2>\n<p><img loading=\"lazy\" decoding=\"async\" class=\"wp-image-155 aligncenter\" src=\"https:\/\/www.precisesecurity.com\/de\/wp-content\/uploads\/sites\/2\/2019\/12\/bitcoin-trader-bewertung2.jpg\" alt=\"\" width=\"550\" height=\"334\" srcset=\"https:\/\/www.precisesecurity.com\/de\/wp-content\/uploads\/sites\/2\/2019\/12\/bitcoin-trader-bewertung2.jpg 904w, https:\/\/www.precisesecurity.com\/de\/wp-content\/uploads\/sites\/2\/2019\/12\/bitcoin-trader-bewertung2-300x183.jpg 300w, https:\/\/www.precisesecurity.com\/de\/wp-content\/uploads\/sites\/2\/2019\/12\/bitcoin-trader-bewertung2-768x467.jpg 768w\" sizes=\"(max-width: 550px) 100vw, 550px\" \/><\/p>\n<p><span style=\"font-weight: 400;\">Dies ist ein Aspekt, der in diesem Test von Bitcoin Trader ausf\u00fchrlich erl\u00e4utert wird. Bitcoin Trader ist ein algorithmischer Handelsbot, der den richtigen Zeitpunkt f\u00fcr den Kauf und Verkauf von Bitcoins kennt. Die meisten Bitcoin-Anleger stehen dabei in der Regel vor einer gro\u00dfen Herausforderung. Bitcoin Trader ist ein Tool, das entwickelt wurde, um ein solches Problem zu l\u00f6sen.<\/span><\/p>\n<p><span style=\"font-weight: 400;\">Bitcoin Trader wurde mit einem sehr fortschrittlichen und hoch entwickelten Programmiersystem entwickelt. Dies soll ein hohes Ma\u00df an Genauigkeit gew\u00e4hrleisten und gleichzeitig den Anlegern helfen, am Markt zu handeln. Die Technologie ist voll real und funktioniert, und das k\u00f6nnen Sie an den Testimonials Tausender Benutzer im Internet ablesen. Dies sollte Sie zweifelsfrei davon \u00fcberzeugen, dass der Bitcoin Trader-Betrug nicht existiert.<\/span><\/p>\n<p><span style=\"font-weight: 400;\">Mit Bitcoin Trader k\u00f6nnen Sie die M\u00e4rkte anhand der Volatilit\u00e4t analysieren. Dies ist vielleicht der Grund, warum die Entwickler behaupten, dass sie Ihren Gewinn innerhalb k\u00fcrzester Zeit steigern k\u00f6nnen. Mit einer Erfolgsrate von 99,4% m\u00f6chten Sie nicht an der Effizienz dieses Bots zweifeln.<\/span><\/p>\n<h2><span style=\"font-weight: 400;\">Wie kann ich mit Bitcoin Trader handeln?<\/span><\/h2>\n<p><img loading=\"lazy\" decoding=\"async\" class=\"wp-image-156 aligncenter\" src=\"https:\/\/www.precisesecurity.com\/de\/wp-content\/uploads\/sites\/2\/2019\/12\/bitcoin-trader-bewertung3.jpg\" alt=\"\" width=\"624\" height=\"293\" srcset=\"https:\/\/www.precisesecurity.com\/de\/wp-content\/uploads\/sites\/2\/2019\/12\/bitcoin-trader-bewertung3.jpg 916w, https:\/\/www.precisesecurity.com\/de\/wp-content\/uploads\/sites\/2\/2019\/12\/bitcoin-trader-bewertung3-300x141.jpg 300w, https:\/\/www.precisesecurity.com\/de\/wp-content\/uploads\/sites\/2\/2019\/12\/bitcoin-trader-bewertung3-768x361.jpg 768w\" sizes=\"(max-width: 624px) 100vw, 624px\" \/><\/p>\n<p><span style=\"font-weight: 400;\">Das Erstellen eines Kontos bei Bitcoin Trader ist nicht nur einfach, sondern auch sehr transparent. Im Folgenden erfahren Sie, wie Sie \u00fcber die legitime Bitcoin Trader-Plattform mit dem Handel beginnen und wie Sie ein Konto erstellen. Es ist das Ziel dieser Bitcoin Trader-Rezension, alles \u00fcber den Bitcoin Trader-Bot zu enth\u00fcllen.<\/span><\/p>\n<h3><span style=\"font-weight: 400;\">Schritt 1<\/span><\/h3>\n<p><span style=\"font-weight: 400;\">Registrieren Sie sich auf der offiziellen Bitcoin Trader-Website. Es gibt gef\u00e4lschte Sites, die nicht die legitime Bitcoin Trader-Site sind &#8211; vermeiden Sie diese. Sie m\u00fcssen alle Formulare ausf\u00fcllen lassen. Stellen Sie au\u00dferdem sicher, dass Ihre Angaben so genau wie m\u00f6glich sind.<\/span><\/p>\n<h3><span style=\"font-weight: 400;\">Schritt 2<\/span><\/h3>\n<p><span style=\"font-weight: 400;\">Nach Abschluss der Registrierung, wie oben auf der Website von Bitcoin Trader beschrieben, m\u00fcssen Sie einige Einzahlungen auf Ihr Konto vornehmen. Dies ist ein Minimum von 250. Das Gute an Bitcoin Trader ist, dass es verschiedene Zahlungsoptionen in seine Plattform integriert hat. Daher wird ein solcher Prozess ohne Stress durchgef\u00fchrt.<\/span><\/p>\n<p><span style=\"font-weight: 400;\">Dies zeigt die Transparenz dieses Systems, weshalb ein Thema wie Bitcoin Trader-Betrug oder Bitcoin Trader-Betrug in keiner Weise unterhalten werden sollte.<\/span><\/p>\n<h3><span style=\"font-weight: 400;\">Schritt 3<\/span><\/h3>\n<p><span style=\"font-weight: 400;\">In dieser Phase m\u00fcssen Sie mit dem Demo-Handel beginnen. Ziel ist es sicherzustellen, dass Sie alle Funktionen von Bitcoin Trader testen, die in diesem Bitcoin Trader-Test hervorgehoben werden. Sie werden sehen, warum Bitcoin Trader legitim ist und in der Bitcoin-Community f\u00fcr Schlagzeilen sorgt.<\/span><\/p>\n<p><span style=\"font-weight: 400;\">In einer Demo-Handelssitzung k\u00f6nnen Sie sich an die Funktionen gew\u00f6hnen, um den gr\u00f6\u00dften Gewinn aus Ihren Investitionen zu ziehen.<\/span><\/p>\n<h3><span style=\"font-weight: 400;\">Schritt 4<\/span><\/h3>\n<p><span style=\"font-weight: 400;\">Nach Schritt 3 beginnen Sie mit der Live-Handelssitzung. Machen Sie sich keine Sorgen, Bitcoin Trader wird auf jeden Fall die ganze harte Arbeit erledigen.<\/span><\/p>\n<p><span style=\"font-weight: 400;\">Wenn Sie die Schritte in diesem Test von Bitcoin Trader lesen, m\u00fcssen Sie nat\u00fcrlich verstanden haben, dass Bitcoin Trader bei der Kontoerstellung einfach ist.<\/span><\/p>\n<p style=\"text-align: center;\"><a href=\"https:\/\/precisesecurity.com\/de\/visit\/bitcoin-trader\" class=\"su-button su-button-style-default\" style=\"color:#FFFFFF;background-color:#53ef2d;border-color:#43c024;border-radius:10px\" target=\"_self\"><span style=\"color:#FFFFFF;padding:12px 40px;font-size:29px;line-height:44px;border-color:#87f46c;border-radius:10px;text-shadow:none\"><i class=\"sui sui-check\" style=\"font-size:29px;color:#FFFFFF\"><\/i>  Gehe zu Bitcoin Trader <\/span><\/a>\n<h2><span style=\"font-weight: 400;\">Was sind die Hauptmerkmale, die Bitcoin Trader legitim machen?<\/span><\/h2>\n<p>&nbsp;<\/p>\n<p><span style=\"font-weight: 400;\">Dieser Test von Bitcoin Trader wird nicht vollst\u00e4ndig sein, ohne einige der erstaunlichen Funktionen von Bitcoin Trader aufzulisten. Dies wird dazu beitragen, jeden Gedanken an Bitcoin Trader-Betrug oder Bitcoin Trader-Betrug zu zerstreuen. Nachfolgend einige davon:<\/span><\/p>\n<p><span style=\"font-weight: 400;\">Geringere Ladeger\u00e4te<\/span><\/p>\n<p><span style=\"font-weight: 400;\">Bitcoin Trader ist sehr fair im Vergleich zu dem, was andere Trading-Bots normalerweise verlangen. Zum Beispiel m\u00fcssen Sie sich keine Gedanken \u00fcber Maklergeb\u00fchren machen, da Geb\u00fchren nur dann anfallen, wenn Gewinne erzielt wurden. Aus diesem Grund glauben die meisten Menschen, dass Bitcoin Trader authentisch und zuverl\u00e4ssig ist. Wir haben es getestet und k\u00f6nnen best\u00e4tigen, dass es funktioniert &#8211; es gibt keinen Bitcoin Trader-Betrug oder Bitcoin Trader-Betrug.<\/span><\/p>\n<p><span style=\"font-weight: 400;\">Benutzerfreundlich<\/span><\/p>\n<p><span style=\"font-weight: 400;\">Bitcoin Trader wurde f\u00fcr alle Anleger entwickelt. Es gibt keinerlei Einschr\u00e4nkungen, bevor Sie mit der Erkundung dieses Systems beginnen k\u00f6nnen. Ein- und Auszahlungsvorg\u00e4nge sind zum Beispiel sehr einfach.<\/span><\/p>\n<p><span style=\"font-weight: 400;\">Effektive Kundenbetreuung<\/span><\/p>\n<p><span style=\"font-weight: 400;\">Bitcoin Trader erfreut sich aufgrund seiner angemessenen Kundendienstabteilung immer gr\u00f6\u00dferer Beliebtheit. Wenn Sie ein Problem haben, vers\u00e4umen Sie nicht, die Live-Chat-Funktion zu verwenden. Guter Kundenservice ist ein weiteres charakteristisches Merkmal legitimer Roboter.<\/span><\/p>\n<h2><span style=\"font-weight: 400;\">Fazit: Ist Bitcoin Trader ein Betrug oder legitim?<\/span><\/h2>\n<p>&nbsp;<\/p>\n<p><span style=\"font-weight: 400;\">Basierend auf den Details in diesem Bitcoin Trader-Test ist es offensichtlich, dass der Bitcoin Trader-Bot entwickelt wurde, um Bitcoin-Investoren beim Handeln mehr Geld verdienen zu lassen. Aus diesem Grund sollten Sie sich Gedanken wie Bitcoin Trader-Betrug oder Bitcoin Trader-Betrug nicht entziehen. Die Wahrheit ist, dass Bitcoin Trader legitim und voll funktionsf\u00e4hig ist.<\/span><\/p>\n<p><span style=\"font-weight: 400;\">Das Fazit ist, dass Bitcoin Trader entwickelt wurde, um Ihnen dabei zu helfen, das meiste Geld mit Ihren Bitcoin-Investitionen zu verdienen. Erw\u00e4gen Sie daher, Bitcoin Trader noch heute zu verwenden.<\/span><\/p>\n<p style=\"text-align: center;\"><a href=\"https:\/\/precisesecurity.com\/de\/visit\/bitcoin-trader\" class=\"su-button su-button-style-default\" style=\"color:#FFFFFF;background-color:#53ef2d;border-color:#43c024;border-radius:10px\" target=\"_self\"><span style=\"color:#FFFFFF;padding:12px 40px;font-size:29px;line-height:44px;border-color:#87f46c;border-radius:10px;text-shadow:none\"><i class=\"sui sui-check\" style=\"font-size:29px;color:#FFFFFF\"><\/i>  Gehe zu Bitcoin Trader <\/span><\/a>\n","protected":false},"excerpt":{"rendered":"<p>Es besteht kein Zweifel, dass Bitcoin Trader bei Kryptow\u00e4hrungsh\u00e4ndlern immer beliebter wird. Dies liegt daran, dass das Unternehmen behauptet, mit seiner Software durchschnittlich 1.500 USD pro Tag verdienen zu k\u00f6nnen. Einige Leute sind jedoch skeptisch und Themen wie Bitcoin Trader-Betrug&#8230;<br \/><a class=\"read-more-button\" href=\"https:\/\/www.precisesecurity.com\/de\/bitcoin-trader-erfahrungen\/\">Read more<\/a><\/p>\n","protected":false},"author":1,"featured_media":152,"parent":0,"menu_order":0,"comment_status":"closed","ping_status":"closed","template":"","meta":{"_acf_changed":false,"inline_featured_image":false,"footnotes":""},"class_list":["post-151","page","type-page","status-publish","has-post-thumbnail","hentry"],"acf":[],"yoast_head":"<!-- This site is optimized with the Yoast SEO plugin v23.3 - https:\/\/yoast.com\/wordpress\/plugins\/seo\/ -->\n<title>Bitcoin Trader - Betrug oder Legit Software? Hier herausfinden<\/title>\n<meta name=\"description\" content=\"Bitcoin Trader Betrug oder legitim? Hat Bitcoin Trader eine Gewinnrate von 99%? K\u00f6nnen Sie mit Bitcoin Trader 2.000 USD pro Tag verdienen?\" \/>\n<meta name=\"robots\" content=\"index, follow, max-snippet:-1, max-image-preview:large, max-video-preview:-1\" \/>\n<link rel=\"canonical\" href=\"https:\/\/www.precisesecurity.com\/de\/bitcoin-trader-erfahrungen\/\" \/>\n<meta property=\"og:locale\" content=\"de_DE\" \/>\n<meta property=\"og:type\" content=\"article\" \/>\n<meta property=\"og:title\" content=\"Bitcoin Trader - Betrug oder Legit Software? Hier herausfinden\" \/>\n<meta property=\"og:description\" content=\"Bitcoin Trader Betrug oder legitim? Hat Bitcoin Trader eine Gewinnrate von 99%? K\u00f6nnen Sie mit Bitcoin Trader 2.000 USD pro Tag verdienen?\" \/>\n<meta property=\"og:url\" content=\"https:\/\/www.precisesecurity.com\/de\/bitcoin-trader-erfahrungen\/\" \/>\n<meta property=\"og:site_name\" content=\"DE\" \/>\n<meta property=\"article:modified_time\" content=\"2019-12-19T15:32:31+00:00\" \/>\n<meta property=\"og:image\" content=\"https:\/\/www.precisesecurity.com\/de\/wp-content\/uploads\/sites\/2\/2019\/12\/bitcoin-trader-bewertung.png\" \/>\n\t<meta property=\"og:image:width\" content=\"640\" \/>\n\t<meta property=\"og:image:height\" content=\"480\" \/>\n\t<meta property=\"og:image:type\" content=\"image\/png\" \/>\n<meta name=\"twitter:card\" content=\"summary_large_image\" \/>\n<meta name=\"twitter:label1\" content=\"Gesch\u00e4tzte Lesezeit\" \/>\n\t<meta name=\"twitter:data1\" content=\"6 Minuten\" \/>\n<script type=\"application\/ld+json\" class=\"yoast-schema-graph\">{\"@context\":\"https:\/\/schema.org\",\"@graph\":[{\"@type\":\"WebPage\",\"@id\":\"https:\/\/www.precisesecurity.com\/de\/bitcoin-trader-erfahrungen\/\",\"url\":\"https:\/\/www.precisesecurity.com\/de\/bitcoin-trader-erfahrungen\/\",\"name\":\"Bitcoin Trader - Betrug oder Legit Software? Hier herausfinden\",\"isPartOf\":{\"@id\":\"https:\/\/www.precisesecurity.com\/de\/#website\"},\"primaryImageOfPage\":{\"@id\":\"https:\/\/www.precisesecurity.com\/de\/bitcoin-trader-erfahrungen\/#primaryimage\"},\"image\":{\"@id\":\"https:\/\/www.precisesecurity.com\/de\/bitcoin-trader-erfahrungen\/#primaryimage\"},\"thumbnailUrl\":\"https:\/\/www.precisesecurity.com\/de\/wp-content\/uploads\/sites\/2\/2019\/12\/bitcoin-trader-bewertung.png\",\"datePublished\":\"2019-12-19T15:32:19+00:00\",\"dateModified\":\"2019-12-19T15:32:31+00:00\",\"description\":\"Bitcoin Trader Betrug oder legitim? Hat Bitcoin Trader eine Gewinnrate von 99%? K\u00f6nnen Sie mit Bitcoin Trader 2.000 USD pro Tag verdienen?\",\"breadcrumb\":{\"@id\":\"https:\/\/www.precisesecurity.com\/de\/bitcoin-trader-erfahrungen\/#breadcrumb\"},\"inLanguage\":\"de-DE\",\"potentialAction\":[{\"@type\":\"ReadAction\",\"target\":[\"https:\/\/www.precisesecurity.com\/de\/bitcoin-trader-erfahrungen\/\"]}]},{\"@type\":\"ImageObject\",\"inLanguage\":\"de-DE\",\"@id\":\"https:\/\/www.precisesecurity.com\/de\/bitcoin-trader-erfahrungen\/#primaryimage\",\"url\":\"https:\/\/www.precisesecurity.com\/de\/wp-content\/uploads\/sites\/2\/2019\/12\/bitcoin-trader-bewertung.png\",\"contentUrl\":\"https:\/\/www.precisesecurity.com\/de\/wp-content\/uploads\/sites\/2\/2019\/12\/bitcoin-trader-bewertung.png\",\"width\":640,\"height\":480},{\"@type\":\"BreadcrumbList\",\"@id\":\"https:\/\/www.precisesecurity.com\/de\/bitcoin-trader-erfahrungen\/#breadcrumb\",\"itemListElement\":[{\"@type\":\"ListItem\",\"position\":1,\"name\":\"Home\",\"item\":\"https:\/\/www.precisesecurity.com\/de\/\"},{\"@type\":\"ListItem\",\"position\":2,\"name\":\"Bitcoin Trader Erfahrungen, Informationen, alle Details!\"}]},{\"@type\":\"WebSite\",\"@id\":\"https:\/\/www.precisesecurity.com\/de\/#website\",\"url\":\"https:\/\/www.precisesecurity.com\/de\/\",\"name\":\"DE\",\"description\":\"Just another PreciseSecurity.com Sites site\",\"potentialAction\":[{\"@type\":\"SearchAction\",\"target\":{\"@type\":\"EntryPoint\",\"urlTemplate\":\"https:\/\/www.precisesecurity.com\/de\/?s={search_term_string}\"},\"query-input\":\"required name=search_term_string\"}],\"inLanguage\":\"de-DE\"}]}<\/script>\n<!-- \/ Yoast SEO plugin. -->","yoast_head_json":{"title":"Bitcoin Trader - Betrug oder Legit Software? Hier herausfinden","description":"Bitcoin Trader Betrug oder legitim? Hat Bitcoin Trader eine Gewinnrate von 99%? K\u00f6nnen Sie mit Bitcoin Trader 2.000 USD pro Tag verdienen?","robots":{"index":"index","follow":"follow","max-snippet":"max-snippet:-1","max-image-preview":"max-image-preview:large","max-video-preview":"max-video-preview:-1"},"canonical":"https:\/\/www.precisesecurity.com\/de\/bitcoin-trader-erfahrungen\/","og_locale":"de_DE","og_type":"article","og_title":"Bitcoin Trader - Betrug oder Legit Software? Hier herausfinden","og_description":"Bitcoin Trader Betrug oder legitim? Hat Bitcoin Trader eine Gewinnrate von 99%? K\u00f6nnen Sie mit Bitcoin Trader 2.000 USD pro Tag verdienen?","og_url":"https:\/\/www.precisesecurity.com\/de\/bitcoin-trader-erfahrungen\/","og_site_name":"DE","article_modified_time":"2019-12-19T15:32:31+00:00","og_image":[{"width":640,"height":480,"url":"https:\/\/www.precisesecurity.com\/de\/wp-content\/uploads\/sites\/2\/2019\/12\/bitcoin-trader-bewertung.png","type":"image\/png"}],"twitter_card":"summary_large_image","twitter_misc":{"Gesch\u00e4tzte Lesezeit":"6 Minuten"},"schema":{"@context":"https:\/\/schema.org","@graph":[{"@type":"WebPage","@id":"https:\/\/www.precisesecurity.com\/de\/bitcoin-trader-erfahrungen\/","url":"https:\/\/www.precisesecurity.com\/de\/bitcoin-trader-erfahrungen\/","name":"Bitcoin Trader - Betrug oder Legit Software? Hier herausfinden","isPartOf":{"@id":"https:\/\/www.precisesecurity.com\/de\/#website"},"primaryImageOfPage":{"@id":"https:\/\/www.precisesecurity.com\/de\/bitcoin-trader-erfahrungen\/#primaryimage"},"image":{"@id":"https:\/\/www.precisesecurity.com\/de\/bitcoin-trader-erfahrungen\/#primaryimage"},"thumbnailUrl":"https:\/\/www.precisesecurity.com\/de\/wp-content\/uploads\/sites\/2\/2019\/12\/bitcoin-trader-bewertung.png","datePublished":"2019-12-19T15:32:19+00:00","dateModified":"2019-12-19T15:32:31+00:00","description":"Bitcoin Trader Betrug oder legitim? Hat Bitcoin Trader eine Gewinnrate von 99%? K\u00f6nnen Sie mit Bitcoin Trader 2.000 USD pro Tag verdienen?","breadcrumb":{"@id":"https:\/\/www.precisesecurity.com\/de\/bitcoin-trader-erfahrungen\/#breadcrumb"},"inLanguage":"de-DE","potentialAction":[{"@type":"ReadAction","target":["https:\/\/www.precisesecurity.com\/de\/bitcoin-trader-erfahrungen\/"]}]},{"@type":"ImageObject","inLanguage":"de-DE","@id":"https:\/\/www.precisesecurity.com\/de\/bitcoin-trader-erfahrungen\/#primaryimage","url":"https:\/\/www.precisesecurity.com\/de\/wp-content\/uploads\/sites\/2\/2019\/12\/bitcoin-trader-bewertung.png","contentUrl":"https:\/\/www.precisesecurity.com\/de\/wp-content\/uploads\/sites\/2\/2019\/12\/bitcoin-trader-bewertung.png","width":640,"height":480},{"@type":"BreadcrumbList","@id":"https:\/\/www.precisesecurity.com\/de\/bitcoin-trader-erfahrungen\/#breadcrumb","itemListElement":[{"@type":"ListItem","position":1,"name":"Home","item":"https:\/\/www.precisesecurity.com\/de\/"},{"@type":"ListItem","position":2,"name":"Bitcoin Trader Erfahrungen, Informationen, alle Details!"}]},{"@type":"WebSite","@id":"https:\/\/www.precisesecurity.com\/de\/#website","url":"https:\/\/www.precisesecurity.com\/de\/","name":"DE","description":"Just another PreciseSecurity.com Sites site","potentialAction":[{"@type":"SearchAction","target":{"@type":"EntryPoint","urlTemplate":"https:\/\/www.precisesecurity.com\/de\/?s={search_term_string}"},"query-input":"required name=search_term_string"}],"inLanguage":"de-DE"}]}},"_links":{"self":[{"href":"https:\/\/www.precisesecurity.com\/de\/wp-json\/wp\/v2\/pages\/151"}],"collection":[{"href":"https:\/\/www.precisesecurity.com\/de\/wp-json\/wp\/v2\/pages"}],"about":[{"href":"https:\/\/www.precisesecurity.com\/de\/wp-json\/wp\/v2\/types\/page"}],"author":[{"embeddable":true,"href":"https:\/\/www.precisesecurity.com\/de\/wp-json\/wp\/v2\/users\/1"}],"replies":[{"embeddable":true,"href":"https:\/\/www.precisesecurity.com\/de\/wp-json\/wp\/v2\/comments?post=151"}],"version-history":[{"count":1,"href":"https:\/\/www.precisesecurity.com\/de\/wp-json\/wp\/v2\/pages\/151\/revisions"}],"predecessor-version":[{"id":157,"href":"https:\/\/www.precisesecurity.com\/de\/wp-json\/wp\/v2\/pages\/151\/revisions\/157"}],"wp:featuredmedia":[{"embeddable":true,"href":"https:\/\/www.precisesecurity.com\/de\/wp-json\/wp\/v2\/media\/152"}],"wp:attachment":[{"href":"https:\/\/www.precisesecurity.com\/de\/wp-json\/wp\/v2\/media?parent=151"}],"curies":[{"name":"wp","href":"https:\/\/api.w.org\/{rel}","templated":true}]}}