{"id":54,"date":"2019-12-18T14:51:13","date_gmt":"2019-12-18T14:51:13","guid":{"rendered":"https:\/\/www.precisesecurity.com\/de\/?page_id=54"},"modified":"2019-12-18T14:52:58","modified_gmt":"2019-12-18T14:52:58","slug":"bitcoin-billionaire-erfahrungen-informationen-alle-details","status":"publish","type":"page","link":"https:\/\/www.precisesecurity.com\/de\/bitcoin-billionaire-erfahrungen\/","title":{"rendered":"Bitcoin Billionaire Erfahrungen, Informationen, alle Details!"},"content":{"rendered":"<p><img loading=\"lazy\" decoding=\"async\" class=\" wp-image-72 alignleft\" src=\"https:\/\/www.precisesecurity.com\/de\/wp-content\/uploads\/sites\/2\/2019\/12\/Bitcoin-Billionaire1-300x101.png\" alt=\"\" width=\"243\" height=\"81\" srcset=\"https:\/\/www.precisesecurity.com\/de\/wp-content\/uploads\/sites\/2\/2019\/12\/Bitcoin-Billionaire1-300x101.png 300w, https:\/\/www.precisesecurity.com\/de\/wp-content\/uploads\/sites\/2\/2019\/12\/Bitcoin-Billionaire1-1024x346.png 1024w, https:\/\/www.precisesecurity.com\/de\/wp-content\/uploads\/sites\/2\/2019\/12\/Bitcoin-Billionaire1-768x259.png 768w, https:\/\/www.precisesecurity.com\/de\/wp-content\/uploads\/sites\/2\/2019\/12\/Bitcoin-Billionaire1-1170x395.png 1170w, https:\/\/www.precisesecurity.com\/de\/wp-content\/uploads\/sites\/2\/2019\/12\/Bitcoin-Billionaire1.png 1394w\" sizes=\"(max-width: 243px) 100vw, 243px\" \/><\/p>\n<p><span style=\"font-weight: 400;\">Es gibt viele Plattformen f\u00fcr den Handel mit Bitcoins und der Markt w\u00e4chst. Aber nicht alle Anbieter arbeiten ernsthaft in diesem Bereich, einige sind nur daran interessiert, Kundendaten zu erhalten oder teure Transaktionsgeb\u00fchren zu berechnen. Dies gilt nicht f\u00fcr Bitcoin Billionaire. Die neue Bitcoin Billionaire-Plattform wird den Anleger nicht entt\u00e4uschen und bietet daher alle Tools, die f\u00fcr einen erfolgreichen Markteintritt erforderlich sind.<\/span><\/p>\n<p><span style=\"font-weight: 400;\">Nachfolgend finden Sie alle Informationen zu Bitcoin Billionaire. Die Anwendung ist nicht nur f\u00fcr den erfahrenen H\u00e4ndler interessant, sondern vor allem f\u00fcr den Anf\u00e4nger. Unsere Schlussfolgerung im Voraus: Bitcoin Billionaire ist eine zuverl\u00e4ssige Software, die sowohl f\u00fcr Anf\u00e4nger als auch f\u00fcr Profis geeignet ist.<\/span><\/p>\n<p style=\"text-align: center;\"><a href=\"https:\/\/precisesecurity.com\/de\/visit\/bitcoin-billionaire\" class=\"su-button su-button-style-default\" style=\"color:#FFFFFF;background-color:#53ef2d;border-color:#43c024;border-radius:10px\" target=\"_self\"><span style=\"color:#FFFFFF;padding:12px 40px;font-size:29px;line-height:44px;border-color:#87f46c;border-radius:10px;text-shadow:none\"><i class=\"sui sui-check\" style=\"font-size:29px;color:#FFFFFF\"><\/i>  Gehe zu Bitcoin Billionaire<\/span><\/a>\n<h2><b>Was sind die Vorteile von Bitcoin-Billionaire?<\/b><\/h2>\n<p><a href=\"https:\/\/precisesecurity.com\/de\/visit\/bitcoin-billionair\"><img loading=\"lazy\" decoding=\"async\" class=\"wp-image-73 aligncenter\" src=\"https:\/\/www.precisesecurity.com\/de\/wp-content\/uploads\/sites\/2\/2019\/12\/bitcoin-billionaire2.jpg\" alt=\"\" width=\"793\" height=\"475\" srcset=\"https:\/\/www.precisesecurity.com\/de\/wp-content\/uploads\/sites\/2\/2019\/12\/bitcoin-billionaire2.jpg 1147w, https:\/\/www.precisesecurity.com\/de\/wp-content\/uploads\/sites\/2\/2019\/12\/bitcoin-billionaire2-300x180.jpg 300w, https:\/\/www.precisesecurity.com\/de\/wp-content\/uploads\/sites\/2\/2019\/12\/bitcoin-billionaire2-1024x613.jpg 1024w, https:\/\/www.precisesecurity.com\/de\/wp-content\/uploads\/sites\/2\/2019\/12\/bitcoin-billionaire2-768x460.jpg 768w\" sizes=\"(max-width: 793px) 100vw, 793px\" \/><\/a><\/p>\n<p>&nbsp;<\/p>\n<p><span style=\"font-weight: 400;\">Mit Bitcoin Billionaire hat ein Investor viele Vorteile. Bitcoin Billionaire &#8211; sehr wichtig f\u00fcr Anf\u00e4nger &#8211; erleichtert den Einstieg und bietet Tools, die Deb\u00fctanten den Beginn beim Trading vereinfachen. Mit der Anwendung hat der Investor die M\u00f6glichkeit, sein Gesch\u00e4ft auch unterwegs immer im Blick zu haben. Auf diese Weise k\u00f6nnen Sie sich \u00fcber Ereignisse auf dem Laufenden halten und \u00c4nderungen an Ihren Einstellungen vornehmen, um so Ihre Strategien zu optimieren. Die Rendite liegt laut Bitcoin Billionaire bei 88 %, damit ist bei optimalem Handelsverlauf mit hohen Gewinnen zu rechnen. Nat\u00fcrlich gibt es nicht nur Gewinne, sondern auch Verluste, wie in jedem Gesch\u00e4ft &#8211; vor allem am Anfang. Indem Sie jedoch die Handelsstrategien anpassen, minimieren Sie diese Einbu\u00dfen.<\/span><\/p>\n<p><span style=\"font-weight: 400;\">Bitcoin Billionaire erledigt eine Menge Arbeit f\u00fcr Sie. Damit die Software rentabel funktioniert, muss der Investor die Einstellungen an seine Anlagestrategie anpassen. Da das Programm, das hinter der Bitcoin-Milliard\u00e4r-Plattform steckt, das Gesch\u00e4ft automatisch f\u00fchrt, k\u00f6nnen Sie mit einer t\u00e4glichen Investitionszeit von lediglich ca. 30 Minuten rechnen. So haben Sie neben Ihrer Arbeit auch gen\u00fcgend Zeit f\u00fcr Freizeit.<\/span><\/p>\n<h2><b>Erfahrungen mit Bitcoin-Billionaire<\/b><\/h2>\n<p><a href=\"https:\/\/precisesecurity.com\/de\/visit\/bitcoin-billionair\"><img loading=\"lazy\" decoding=\"async\" class=\"wp-image-74 aligncenter\" src=\"https:\/\/www.precisesecurity.com\/de\/wp-content\/uploads\/sites\/2\/2019\/12\/bitcoin-billionaire-3.jpg\" alt=\"\" width=\"567\" height=\"427\" srcset=\"https:\/\/www.precisesecurity.com\/de\/wp-content\/uploads\/sites\/2\/2019\/12\/bitcoin-billionaire-3.jpg 826w, https:\/\/www.precisesecurity.com\/de\/wp-content\/uploads\/sites\/2\/2019\/12\/bitcoin-billionaire-3-300x226.jpg 300w, https:\/\/www.precisesecurity.com\/de\/wp-content\/uploads\/sites\/2\/2019\/12\/bitcoin-billionaire-3-768x578.jpg 768w\" sizes=\"(max-width: 567px) 100vw, 567px\" \/><\/a><\/p>\n<p><span style=\"font-weight: 400;\">Bitcoin Billionaire zeigt in seiner Eigenwerbung, dass Sie hier automatisch extrem hohe Gewinne erzielen k\u00f6nnen. Sie m\u00fcssen nicht einmal viel Know-how mitbringen. Alles was Sie tun m\u00fcssen, ist sich zu registrieren und der Roboter f\u00e4ngt an zu arbeiten. Das Prinzip hinter dem Erfolg ist, dass der Roboter die Kryptow\u00e4hrungen automatisiert untersucht und dann vollautomatische Trends erkennt. Anschlie\u00dfend investiert entweder die Software oder Sie handeln selbstst\u00e4ndig &#8211; dies h\u00e4ngt ganz von den Einstellungen ab. Wenn dieses Prinzip erfolgreich ist, kann der Anleger einen Gewinn erzielen.<\/span><\/p>\n<p><span style=\"font-weight: 400;\">Unser Test war auf das Demo-Konto beschr\u00e4nkt. Sie m\u00fcssen immer die notwendige Vorsicht walten lassen, wenn Sie in die oft undurchsichtigen Methoden der Kryptoroboterwelt eindringen m\u00f6chten. In unserem Test wurden wir direkt zu einem anderen Broker weitergeleitet. Nachdem wir uns eingeloggt hatten, landeten wir bei einem Aspen-Broker. Hier konnten wir ein Demo-Konto verwenden, und die automatisierte Software brachte wirklich ein sehr gutes Einkommen, auch wenn es nur Spielgeld war.<\/span><\/p>\n<p><span style=\"font-weight: 400;\">So starten Sie die Verwendung von Bitcoin Billionaire<\/span><\/p>\n<p><span style=\"font-weight: 400;\">Der Einstieg in Bitcoin Billionaire ist eines der einfachsten Dinge, die Sie jemals tun k\u00f6nnen. Befolgen Sie diese einfachen Schritte und Sie k\u00f6nnen loslegen!<\/span><\/p>\n<h2><b>Wie Sie Bitcoin-Billionaire nutzen<\/b><\/h2>\n<p><a href=\"https:\/\/precisesecurity.com\/de\/visit\/bitcoin-billionair\"><img loading=\"lazy\" decoding=\"async\" class=\"wp-image-75 aligncenter\" src=\"https:\/\/www.precisesecurity.com\/de\/wp-content\/uploads\/sites\/2\/2019\/12\/bitcoin-billionaire-4.jpg\" alt=\"\" width=\"574\" height=\"412\" srcset=\"https:\/\/www.precisesecurity.com\/de\/wp-content\/uploads\/sites\/2\/2019\/12\/bitcoin-billionaire-4.jpg 830w, https:\/\/www.precisesecurity.com\/de\/wp-content\/uploads\/sites\/2\/2019\/12\/bitcoin-billionaire-4-300x215.jpg 300w, https:\/\/www.precisesecurity.com\/de\/wp-content\/uploads\/sites\/2\/2019\/12\/bitcoin-billionaire-4-768x551.jpg 768w\" sizes=\"(max-width: 574px) 100vw, 574px\" \/><\/a><\/p>\n<h3><span style=\"font-weight: 400;\">Schritt 1: Registrieren<\/span><\/h3>\n<p><span style=\"font-weight: 400;\">Wie bei jeder anderen gro\u00dfartigen Software k\u00f6nnen Sie dieses Tool nicht ohne Registrierung verwenden. Der Hauptzweck der Registrierung besteht darin, f\u00fcr Sie den sicheren Zugang zu gew\u00e4hrleisten. Die Registrierung erfolgt schnell, da Ihnen lediglich grundlegende wichtige Fragen gestellt werden.<\/span><\/p>\n<h3><span style=\"font-weight: 400;\">Schritt 2: Investieren<\/span><\/h3>\n<p><span style=\"font-weight: 400;\">Wenn Sie sich erfolgreich registriert haben, wird sich ein professioneller Finanzberater mit Ihnen in Verbindung setzen und Sie durch erstaunlichen Insider-Geheimnisse f\u00fchren. Sie werden dann gebeten, eine Investition zu t\u00e4tigen und dazu angeleitet.\u00a0<\/span><\/p>\n<h3><span style=\"font-weight: 400;\">Schritt 3: Verdienen<\/span><\/h3>\n<p><span style=\"font-weight: 400;\">Wenn Sie investieren, erwarten Sie, dass Sie verdienen, richtig? Genau das tut der Bitcoin Billionaire Bot f\u00fcr Sie. Nachdem Sie mit der Registrierung fertig sind und der Experte Sie durch alles gef\u00fchrt hat, was Sie wissen m\u00fcssen, k\u00f6nnen Sie mit dem Verdienen beginnen. So einfach ist das.<\/span><\/p>\n<p style=\"text-align: center;\"><a href=\"https:\/\/precisesecurity.com\/de\/visit\/bitcoin-billionaire\" class=\"su-button su-button-style-default\" style=\"color:#FFFFFF;background-color:#53ef2d;border-color:#43c024;border-radius:10px\" target=\"_self\"><span style=\"color:#FFFFFF;padding:12px 40px;font-size:29px;line-height:44px;border-color:#87f46c;border-radius:10px;text-shadow:none\"><i class=\"sui sui-check\" style=\"font-size:29px;color:#FFFFFF\"><\/i>  Gehe zu Bitcoin Billionaire<\/span><\/a>\n<p>&nbsp;<\/p>\n<h2><strong>Der Broker\u00a0<\/strong><\/h2>\n<p>&nbsp;<\/p>\n<p><span style=\"font-weight: 400;\">Nach der Registrierung verbindet Sie der Roboter automatisch mit einem Broker. Die Rolle des Maklers besteht darin, Einzahlungen entgegenzunehmen und Transaktionen zu erleichtern. Bitcoin-Billion\u00e4r-Roboter arbeiten nur mit gut regulierten Brokern zusammen. Nach einer Untersuchung k\u00f6nnen wir best\u00e4tigen, dass Bitcoin Billionaire-Partner-Broker \u00fcber die richtige Regulierung verf\u00fcgen. Die Mehrheit wird von der FCA, ASIC, FSB und CySEC beaufsichtigt. Diese vier sind die weltweit am meisten angesehensten Aufsichtsbeh\u00f6rden.<\/span><\/p>\n<p><span style=\"font-weight: 400;\">Ein entsprechend regulierter Broker ist gesetzlich verpflichtet, Einlagen zu trennen und regelm\u00e4\u00dfige Berichte \u00fcber die Verwendung der Mittel vorzulegen. Folglich kann der Broker Ihr Geld nicht f\u00fcr einen anderen als den vorgesehenen Zweck verwenden.<\/span><\/p>\n<h2><b>Handeln Sie mit dem Bitcoin Billionaire Demo-Konto<\/b><\/h2>\n<p>&nbsp;<\/p>\n<p><span style=\"font-weight: 400;\">Nach der Einzahlung erhalten Sie Zugriff auf das Demo-Konto und die Live-Handelskonten. Wir empfehlen Ihnen, mit dem Demo-Konto zu beginnen, um sich mit dem Live-Web-Trader vertraut zu machen. Das Bitcoin Billionaire-Demokonto bietet alle Funktionen, die Sie im Live-Trader finden. Dar\u00fcber hinaus st\u00fctzten Sie sich beim Backtesting auf historische Daten, sodass die Ergebnisse, die Sie damit erhalten, das widerspiegeln, was Sie im Live-Handel generieren.<\/span><\/p>\n<h2><b>Gehen Sie zum Live-Handel mit der Bitcoin Billionaire-Plattform<\/b><\/h2>\n<p><img loading=\"lazy\" decoding=\"async\" class=\"wp-image-76 aligncenter\" src=\"https:\/\/www.precisesecurity.com\/de\/wp-content\/uploads\/sites\/2\/2019\/12\/bitcoin-billionaire-5.jpg\" alt=\"\" width=\"561\" height=\"341\" srcset=\"https:\/\/www.precisesecurity.com\/de\/wp-content\/uploads\/sites\/2\/2019\/12\/bitcoin-billionaire-5.jpg 823w, https:\/\/www.precisesecurity.com\/de\/wp-content\/uploads\/sites\/2\/2019\/12\/bitcoin-billionaire-5-300x183.jpg 300w, https:\/\/www.precisesecurity.com\/de\/wp-content\/uploads\/sites\/2\/2019\/12\/bitcoin-billionaire-5-768x468.jpg 768w\" sizes=\"(max-width: 561px) 100vw, 561px\" \/><\/p>\n<p><span style=\"font-weight: 400;\">Die Live-Handelsplattform von Bitcoin Billionaire ist \u00e4u\u00dferst intuitiv. Beim Live-Handel definieren Sie Ihren Risikoappetit und klicken auf die Live-Schaltfl\u00e4che. Das Risiko wird durch die H\u00f6he des Kapitals definiert, das Sie pro Trade im Vergleich zur Rendite riskieren m\u00f6chten. Bitcoin Billionaire bietet einen Leitfaden, mit dem Sie die Risikofunktionen festlegen k\u00f6nnen. Das Risiko pro Trade sollte niemals mehr als 10 Prozent betragen.<\/span><\/p>\n<h2><b>Wie seri\u00f6s ist Bitcoin Billionaire?<\/b><\/h2>\n<p>&nbsp;<\/p>\n<p><span style=\"font-weight: 400;\">Bei unserem Bitcoin Billionaire-Test haben wir uns die Frage gestellt, ob wir diesem Kryptoroboter vertrauen sollten. Gerade im Bereich der Kryptoroboter h\u00f6rt man immer wieder von schwarzen Schafen, die versuchen, Investoren um ihr Geld zu betr\u00fcgen. Wenn Sie mit einem neuen Bitcoin-Roboter konfrontiert sind, sollten Sie ihn zuerst sorgf\u00e4ltig pr\u00fcfen. Vergleichen Sie ebenso zus\u00e4tzliche Informationen aus verschiedenen Testberichten. Es ist auch sinnvoll zu recherchieren, wo sich jedes Unternehmen befindet und ob es eine Lizenz besitzt<\/span><\/p>\n<p><span style=\"font-weight: 400;\">Tests haben gezeigt, dass Bitcoin Billionaire zu den seri\u00f6sen Anbietern geh\u00f6rt. Wie zu erfahren ist, sind Ihre Daten dort sehr sicher und werden absolut vertraulich behandelt. Ein kleiner Nachteil ist aber, dass man sich erst auf der Website umschauen kann, wenn die Registrierung erfolgt ist. Der Registrierungsprozess ist kostenlos. Sie k\u00f6nnen eingezahlte Betr\u00e4ge stets abheben.\u00a0<\/span><\/p>\n<p><span style=\"font-weight: 400;\">Bitcoin Billionaire f\u00e4llt unter vielen anderen Kryptow\u00e4hrungsanbietern positiv auf. Verwenden Sie Bitcoin Billionaire kostenlos. Geb\u00fchren fallen nur im Falle eines Erfolges an. Es gibt keine versteckten Abgaben. Eine Einlage kann jederzeit wieder abgehoben werden. Gleiches gilt f\u00fcr Gewinne.<\/span><\/p>\n<p><span style=\"font-weight: 400;\">Da die Betreiber von Bitcoin Billionaire vom Erfolg ihrer Benutzer profitieren, liegt es in ihrem Interesse, eine effiziente und leistungsstarke Plattform bereitzustellen. Die Chancen sind mit Bitcoin-Billionaire viel h\u00f6her, als dies ohne den Einsatz von Werkzeugen m\u00f6glich w\u00e4re.<\/span><\/p>\n<p><span style=\"font-weight: 400;\">Es gibt viele Berichte und Tests, die den Bitcoin-Billionaire betreffen und die Integrit\u00e4t der Plattform best\u00e4tigen. Bitcoin Billionaire bietet attraktive Renditen und erm\u00f6glicht es Anlegern, erfolgreich auf dem Kryptomarkt zu arbeiten, ohne den ganzen Tag auf den Bildschirm zu starren. Ebenso sollten Investoren bereit sein, sich \u00fcber die Funktionsweise des Programms zu informieren und sich regelm\u00e4\u00dfig \u00fcber wichtige Marktereignisse benachrichtigen zu lassen.<\/span><\/p>\n<h2><b>Fazit<\/b><\/h2>\n<p>&nbsp;<\/p>\n<p><span style=\"font-weight: 400;\">Mit dem Bitcoin Billionaire k\u00f6nnen Anleger die Rendite ihrer Investitionen in Kryptow\u00e4hrung deutlich steigern. Das Programm gleicht den Informationsmangel von Newcomern und Privatinvestoren und dem professionellen Wettbewerb aus. Bitcoin-Billionaire findet heraus, welche Transaktionen am rentabelsten sind, und arbeitet st\u00e4ndig an der Umsetzung der finanziellen Ziele seiner Nutzer, ohne dass eine andauernde \u00dcberwachung erforderlich ist.<\/span><\/p>\n<p><span style=\"font-weight: 400;\">Dar\u00fcber hinaus eignet sich Bitcoin Billionaire als Tool f\u00fcr Einsteiger, die lernen m\u00f6chten, wie sie erfolgreich am Markt agieren k\u00f6nnen. Durch die Einstellung verschiedener Parameter hat der Anleger immer die Kontrolle und kann beobachten, wie sich seine Entscheidungen auf die professionelle Software auswirken.<\/span><\/p>\n<p><span style=\"font-weight: 400;\">Es lohnt sich auf jeden Fall, den Bitcoin-Billionaire in Betracht zu ziehen. Aufstrebende Anleger finden dort die notwendigen Instrumente, um erfolgreich in den Kryptow\u00e4hrungsmarkt zu investieren.<\/span><\/p>\n<p style=\"text-align: center;\"><a href=\"https:\/\/precisesecurity.com\/de\/visit\/bitcoin-billionaire\" class=\"su-button su-button-style-default\" style=\"color:#FFFFFF;background-color:#53ef2d;border-color:#43c024;border-radius:10px\" target=\"_self\"><span style=\"color:#FFFFFF;padding:12px 40px;font-size:29px;line-height:44px;border-color:#87f46c;border-radius:10px;text-shadow:none\"><i class=\"sui sui-check\" style=\"font-size:29px;color:#FFFFFF\"><\/i>  Gehe zu Bitcoin Billionaire<\/span><\/a>\n","protected":false},"excerpt":{"rendered":"<p>Es gibt viele Plattformen f\u00fcr den Handel mit Bitcoins und der Markt w\u00e4chst. Aber nicht alle Anbieter arbeiten ernsthaft in diesem Bereich, einige sind nur daran interessiert, Kundendaten zu erhalten oder teure Transaktionsgeb\u00fchren zu berechnen. Dies gilt nicht f\u00fcr Bitcoin&#8230;<br \/><a class=\"read-more-button\" href=\"https:\/\/www.precisesecurity.com\/de\/bitcoin-billionaire-erfahrungen\/\">Read more<\/a><\/p>\n","protected":false},"author":1,"featured_media":0,"parent":0,"menu_order":0,"comment_status":"closed","ping_status":"closed","template":"","meta":{"_acf_changed":false,"inline_featured_image":false,"footnotes":""},"class_list":["post-54","page","type-page","status-publish","hentry"],"acf":[],"yoast_head":"<!-- This site is optimized with the Yoast SEO plugin v23.3 - https:\/\/yoast.com\/wordpress\/plugins\/seo\/ -->\n<title>Bitcoin Billionaire - Betrug oder Legit Software? Hier herausfinden<\/title>\n<meta name=\"description\" content=\"Bitcoin Billionaire Betrug oder legitim? Hat Bitcoin Billionaire eine Gewinnrate von 99%? K\u00f6nnen Sie mit Bitcoin Billionaire 2.000 USD pro Tag verdienen?\" \/>\n<meta name=\"robots\" content=\"index, follow, max-snippet:-1, max-image-preview:large, max-video-preview:-1\" \/>\n<link rel=\"canonical\" href=\"https:\/\/www.precisesecurity.com\/de\/bitcoin-billionaire-erfahrungen\/\" \/>\n<meta property=\"og:locale\" content=\"de_DE\" \/>\n<meta property=\"og:type\" content=\"article\" \/>\n<meta property=\"og:title\" content=\"Bitcoin Billionaire - Betrug oder Legit Software? Hier herausfinden\" \/>\n<meta property=\"og:description\" content=\"Bitcoin Billionaire Betrug oder legitim? Hat Bitcoin Billionaire eine Gewinnrate von 99%? K\u00f6nnen Sie mit Bitcoin Billionaire 2.000 USD pro Tag verdienen?\" \/>\n<meta property=\"og:url\" content=\"https:\/\/www.precisesecurity.com\/de\/bitcoin-billionaire-erfahrungen\/\" \/>\n<meta property=\"og:site_name\" content=\"DE\" \/>\n<meta property=\"article:modified_time\" content=\"2019-12-18T14:52:58+00:00\" \/>\n<meta property=\"og:image\" content=\"https:\/\/www.precisesecurity.com\/de\/wp-content\/uploads\/sites\/2\/2019\/12\/Bitcoin-Billionaire1-300x101.png\" \/>\n<meta name=\"twitter:card\" content=\"summary_large_image\" \/>\n<meta name=\"twitter:label1\" content=\"Gesch\u00e4tzte Lesezeit\" \/>\n\t<meta name=\"twitter:data1\" content=\"7 Minuten\" \/>\n<script type=\"application\/ld+json\" class=\"yoast-schema-graph\">{\"@context\":\"https:\/\/schema.org\",\"@graph\":[{\"@type\":\"WebPage\",\"@id\":\"https:\/\/www.precisesecurity.com\/de\/bitcoin-billionaire-erfahrungen\/\",\"url\":\"https:\/\/www.precisesecurity.com\/de\/bitcoin-billionaire-erfahrungen\/\",\"name\":\"Bitcoin Billionaire - Betrug oder Legit Software? Hier herausfinden\",\"isPartOf\":{\"@id\":\"https:\/\/www.precisesecurity.com\/de\/#website\"},\"primaryImageOfPage\":{\"@id\":\"https:\/\/www.precisesecurity.com\/de\/bitcoin-billionaire-erfahrungen\/#primaryimage\"},\"image\":{\"@id\":\"https:\/\/www.precisesecurity.com\/de\/bitcoin-billionaire-erfahrungen\/#primaryimage\"},\"thumbnailUrl\":\"https:\/\/www.precisesecurity.com\/de\/wp-content\/uploads\/sites\/2\/2019\/12\/Bitcoin-Billionaire1-300x101.png\",\"datePublished\":\"2019-12-18T14:51:13+00:00\",\"dateModified\":\"2019-12-18T14:52:58+00:00\",\"description\":\"Bitcoin Billionaire Betrug oder legitim? Hat Bitcoin Billionaire eine Gewinnrate von 99%? K\u00f6nnen Sie mit Bitcoin Billionaire 2.000 USD pro Tag verdienen?\",\"breadcrumb\":{\"@id\":\"https:\/\/www.precisesecurity.com\/de\/bitcoin-billionaire-erfahrungen\/#breadcrumb\"},\"inLanguage\":\"de-DE\",\"potentialAction\":[{\"@type\":\"ReadAction\",\"target\":[\"https:\/\/www.precisesecurity.com\/de\/bitcoin-billionaire-erfahrungen\/\"]}]},{\"@type\":\"ImageObject\",\"inLanguage\":\"de-DE\",\"@id\":\"https:\/\/www.precisesecurity.com\/de\/bitcoin-billionaire-erfahrungen\/#primaryimage\",\"url\":\"https:\/\/www.precisesecurity.com\/de\/wp-content\/uploads\/sites\/2\/2019\/12\/Bitcoin-Billionaire1.png\",\"contentUrl\":\"https:\/\/www.precisesecurity.com\/de\/wp-content\/uploads\/sites\/2\/2019\/12\/Bitcoin-Billionaire1.png\",\"width\":1394,\"height\":471},{\"@type\":\"BreadcrumbList\",\"@id\":\"https:\/\/www.precisesecurity.com\/de\/bitcoin-billionaire-erfahrungen\/#breadcrumb\",\"itemListElement\":[{\"@type\":\"ListItem\",\"position\":1,\"name\":\"Home\",\"item\":\"https:\/\/www.precisesecurity.com\/de\/\"},{\"@type\":\"ListItem\",\"position\":2,\"name\":\"Bitcoin Billionaire Erfahrungen, Informationen, alle Details!\"}]},{\"@type\":\"WebSite\",\"@id\":\"https:\/\/www.precisesecurity.com\/de\/#website\",\"url\":\"https:\/\/www.precisesecurity.com\/de\/\",\"name\":\"DE\",\"description\":\"Just another PreciseSecurity.com Sites site\",\"potentialAction\":[{\"@type\":\"SearchAction\",\"target\":{\"@type\":\"EntryPoint\",\"urlTemplate\":\"https:\/\/www.precisesecurity.com\/de\/?s={search_term_string}\"},\"query-input\":\"required name=search_term_string\"}],\"inLanguage\":\"de-DE\"}]}<\/script>\n<!-- \/ Yoast SEO plugin. -->","yoast_head_json":{"title":"Bitcoin Billionaire - Betrug oder Legit Software? Hier herausfinden","description":"Bitcoin Billionaire Betrug oder legitim? Hat Bitcoin Billionaire eine Gewinnrate von 99%? K\u00f6nnen Sie mit Bitcoin Billionaire 2.000 USD pro Tag verdienen?","robots":{"index":"index","follow":"follow","max-snippet":"max-snippet:-1","max-image-preview":"max-image-preview:large","max-video-preview":"max-video-preview:-1"},"canonical":"https:\/\/www.precisesecurity.com\/de\/bitcoin-billionaire-erfahrungen\/","og_locale":"de_DE","og_type":"article","og_title":"Bitcoin Billionaire - Betrug oder Legit Software? Hier herausfinden","og_description":"Bitcoin Billionaire Betrug oder legitim? Hat Bitcoin Billionaire eine Gewinnrate von 99%? K\u00f6nnen Sie mit Bitcoin Billionaire 2.000 USD pro Tag verdienen?","og_url":"https:\/\/www.precisesecurity.com\/de\/bitcoin-billionaire-erfahrungen\/","og_site_name":"DE","article_modified_time":"2019-12-18T14:52:58+00:00","og_image":[{"url":"https:\/\/www.precisesecurity.com\/de\/wp-content\/uploads\/sites\/2\/2019\/12\/Bitcoin-Billionaire1-300x101.png"}],"twitter_card":"summary_large_image","twitter_misc":{"Gesch\u00e4tzte Lesezeit":"7 Minuten"},"schema":{"@context":"https:\/\/schema.org","@graph":[{"@type":"WebPage","@id":"https:\/\/www.precisesecurity.com\/de\/bitcoin-billionaire-erfahrungen\/","url":"https:\/\/www.precisesecurity.com\/de\/bitcoin-billionaire-erfahrungen\/","name":"Bitcoin Billionaire - Betrug oder Legit Software? Hier herausfinden","isPartOf":{"@id":"https:\/\/www.precisesecurity.com\/de\/#website"},"primaryImageOfPage":{"@id":"https:\/\/www.precisesecurity.com\/de\/bitcoin-billionaire-erfahrungen\/#primaryimage"},"image":{"@id":"https:\/\/www.precisesecurity.com\/de\/bitcoin-billionaire-erfahrungen\/#primaryimage"},"thumbnailUrl":"https:\/\/www.precisesecurity.com\/de\/wp-content\/uploads\/sites\/2\/2019\/12\/Bitcoin-Billionaire1-300x101.png","datePublished":"2019-12-18T14:51:13+00:00","dateModified":"2019-12-18T14:52:58+00:00","description":"Bitcoin Billionaire Betrug oder legitim? Hat Bitcoin Billionaire eine Gewinnrate von 99%? K\u00f6nnen Sie mit Bitcoin Billionaire 2.000 USD pro Tag verdienen?","breadcrumb":{"@id":"https:\/\/www.precisesecurity.com\/de\/bitcoin-billionaire-erfahrungen\/#breadcrumb"},"inLanguage":"de-DE","potentialAction":[{"@type":"ReadAction","target":["https:\/\/www.precisesecurity.com\/de\/bitcoin-billionaire-erfahrungen\/"]}]},{"@type":"ImageObject","inLanguage":"de-DE","@id":"https:\/\/www.precisesecurity.com\/de\/bitcoin-billionaire-erfahrungen\/#primaryimage","url":"https:\/\/www.precisesecurity.com\/de\/wp-content\/uploads\/sites\/2\/2019\/12\/Bitcoin-Billionaire1.png","contentUrl":"https:\/\/www.precisesecurity.com\/de\/wp-content\/uploads\/sites\/2\/2019\/12\/Bitcoin-Billionaire1.png","width":1394,"height":471},{"@type":"BreadcrumbList","@id":"https:\/\/www.precisesecurity.com\/de\/bitcoin-billionaire-erfahrungen\/#breadcrumb","itemListElement":[{"@type":"ListItem","position":1,"name":"Home","item":"https:\/\/www.precisesecurity.com\/de\/"},{"@type":"ListItem","position":2,"name":"Bitcoin Billionaire Erfahrungen, Informationen, alle Details!"}]},{"@type":"WebSite","@id":"https:\/\/www.precisesecurity.com\/de\/#website","url":"https:\/\/www.precisesecurity.com\/de\/","name":"DE","description":"Just another PreciseSecurity.com Sites site","potentialAction":[{"@type":"SearchAction","target":{"@type":"EntryPoint","urlTemplate":"https:\/\/www.precisesecurity.com\/de\/?s={search_term_string}"},"query-input":"required name=search_term_string"}],"inLanguage":"de-DE"}]}},"_links":{"self":[{"href":"https:\/\/www.precisesecurity.com\/de\/wp-json\/wp\/v2\/pages\/54"}],"collection":[{"href":"https:\/\/www.precisesecurity.com\/de\/wp-json\/wp\/v2\/pages"}],"about":[{"href":"https:\/\/www.precisesecurity.com\/de\/wp-json\/wp\/v2\/types\/page"}],"author":[{"embeddable":true,"href":"https:\/\/www.precisesecurity.com\/de\/wp-json\/wp\/v2\/users\/1"}],"replies":[{"embeddable":true,"href":"https:\/\/www.precisesecurity.com\/de\/wp-json\/wp\/v2\/comments?post=54"}],"version-history":[{"count":3,"href":"https:\/\/www.precisesecurity.com\/de\/wp-json\/wp\/v2\/pages\/54\/revisions"}],"predecessor-version":[{"id":79,"href":"https:\/\/www.precisesecurity.com\/de\/wp-json\/wp\/v2\/pages\/54\/revisions\/79"}],"wp:attachment":[{"href":"https:\/\/www.precisesecurity.com\/de\/wp-json\/wp\/v2\/media?parent=54"}],"curies":[{"name":"wp","href":"https:\/\/api.w.org\/{rel}","templated":true}]}}